{"id":1306,"date":"2021-01-13T10:29:28","date_gmt":"2021-01-13T09:29:28","guid":{"rendered":"https:\/\/www.kisaki-muenster.de\/?page_id=1306"},"modified":"2021-01-13T20:32:04","modified_gmt":"2021-01-13T19:32:04","slug":"ausgezeichnetes-training","status":"publish","type":"page","link":"https:\/\/www.kisaki-muenster.de\/?page_id=1306","title":{"rendered":"Ausgezeichnetes Training"},"content":{"rendered":"\n<p>Die Kooperation zwischen <a class=\"profileLink\" href=\"https:\/\/www.facebook.com\/dstgb\/?fref=mentions&amp;__xts__%5B0%5D=68.ARAm8iaLM0R4Fc0J-DxH1vw4Csa9tP0Kd0RQjaaIGFSCpHtsJELsD_fBQaPGAcwAZyUXN9MG7tBt--y-gt0FXqBwyO3uregMCdcZ8NvG6z_ryLE_wwa60Enl3KsF5zi7gvCR19HaXxVlYGGUezVsdXyFrtYvwmAsgF5ePLuvBzyzPt2fmGyxzbLT81Kx7bZlAivdOVX_wPcP1HGnclpjZhc-AmKl22lhLXxgrDta-Ipr8DpWOXlmxUjAvBNbyKK7JTzL4Uv5CM6SeymvVJR_IQ0Wsev2LPzC6Ed-46rR_FwU5jNet22GJQ&amp;__tn__=K-R\">Deutscher St\u00e4dte- und Gemeindebund<\/a> und <a class=\"profileLink\" href=\"https:\/\/www.facebook.com\/dkvkarate\/?fref=mentions&amp;__xts__%5B0%5D=68.ARAm8iaLM0R4Fc0J-DxH1vw4Csa9tP0Kd0RQjaaIGFSCpHtsJELsD_fBQaPGAcwAZyUXN9MG7tBt--y-gt0FXqBwyO3uregMCdcZ8NvG6z_ryLE_wwa60Enl3KsF5zi7gvCR19HaXxVlYGGUezVsdXyFrtYvwmAsgF5ePLuvBzyzPt2fmGyxzbLT81Kx7bZlAivdOVX_wPcP1HGnclpjZhc-AmKl22lhLXxgrDta-Ipr8DpWOXlmxUjAvBNbyKK7JTzL4Uv5CM6SeymvVJR_IQ0Wsev2LPzC6Ed-46rR_FwU5jNet22GJQ&amp;__tn__=K-R\">Deutscher Karate Verband<\/a> bescheinigt uns werteorientiertes, integrationsf\u00f6rderndes, gesundheitspr\u00e4ventives und sozial verantwortungsvolles Training. Wir freuen uns \u00fcber diese Anerkennung.<\/p>\n\n\n\n<div class=\"wp-block-buttons is-layout-flex wp-block-buttons-is-layout-flex\">\n<div class=\"wp-block-button is-style-fill\"><a class=\"wp-block-button__link\" href=\"mailto: karate-muenster@gmx.de\">Kontaktiere uns<\/a><\/div>\n<\/div>\n\n\n\n<figure class=\"wp-block-image size-large\"><img loading=\"lazy\" decoding=\"async\" width=\"744\" height=\"1024\" src=\"https:\/\/www.kisaki-muenster.de\/wp-content\/uploads\/2021\/01\/Urkunde_DKV_DStGB_Kisaki_neu-744x1024.jpg\" alt=\"\" class=\"wp-image-1327\" srcset=\"https:\/\/www.kisaki-muenster.de\/wp-content\/uploads\/2021\/01\/Urkunde_DKV_DStGB_Kisaki_neu-744x1024.jpg 744w, https:\/\/www.kisaki-muenster.de\/wp-content\/uploads\/2021\/01\/Urkunde_DKV_DStGB_Kisaki_neu-218x300.jpg 218w, https:\/\/www.kisaki-muenster.de\/wp-content\/uploads\/2021\/01\/Urkunde_DKV_DStGB_Kisaki_neu-768x1057.jpg 768w, https:\/\/www.kisaki-muenster.de\/wp-content\/uploads\/2021\/01\/Urkunde_DKV_DStGB_Kisaki_neu-1116x1536.jpg 1116w, https:\/\/www.kisaki-muenster.de\/wp-content\/uploads\/2021\/01\/Urkunde_DKV_DStGB_Kisaki_neu-1488x2048.jpg 1488w, https:\/\/www.kisaki-muenster.de\/wp-content\/uploads\/2021\/01\/Urkunde_DKV_DStGB_Kisaki_neu.jpg 1519w\" sizes=\"auto, (max-width: 744px) 100vw, 744px\" \/><\/figure>\n","protected":false},"excerpt":{"rendered":"<p>Die Kooperation zwischen Deutscher St\u00e4dte- und Gemeindebund und Deutscher Karate Verband bescheinigt uns werteorientiertes, integrationsf\u00f6rderndes, gesundheitspr\u00e4ventives und sozial verantwortungsvolles Training. Wir freuen uns \u00fcber diese Anerkennung.<\/p>\n","protected":false},"author":3,"featured_media":0,"parent":0,"menu_order":0,"comment_status":"closed","ping_status":"closed","template":"","meta":{"_themeisle_gutenberg_block_has_review":false,"footnotes":""},"class_list":["post-1306","page","type-page","status-publish"],"_links":{"self":[{"href":"https:\/\/www.kisaki-muenster.de\/index.php?rest_route=\/wp\/v2\/pages\/1306","targetHints":{"allow":["GET"]}}],"collection":[{"href":"https:\/\/www.kisaki-muenster.de\/index.php?rest_route=\/wp\/v2\/pages"}],"about":[{"href":"https:\/\/www.kisaki-muenster.de\/index.php?rest_route=\/wp\/v2\/types\/page"}],"author":[{"embeddable":true,"href":"https:\/\/www.kisaki-muenster.de\/index.php?rest_route=\/wp\/v2\/users\/3"}],"replies":[{"embeddable":true,"href":"https:\/\/www.kisaki-muenster.de\/index.php?rest_route=%2Fwp%2Fv2%2Fcomments&post=1306"}],"version-history":[{"count":5,"href":"https:\/\/www.kisaki-muenster.de\/index.php?rest_route=\/wp\/v2\/pages\/1306\/revisions"}],"predecessor-version":[{"id":1341,"href":"https:\/\/www.kisaki-muenster.de\/index.php?rest_route=\/wp\/v2\/pages\/1306\/revisions\/1341"}],"wp:attachment":[{"href":"https:\/\/www.kisaki-muenster.de\/index.php?rest_route=%2Fwp%2Fv2%2Fmedia&parent=1306"}],"curies":[{"name":"wp","href":"https:\/\/api.w.org\/{rel}","templated":true}]}}