{"id":3,"date":"2019-03-15T07:16:48","date_gmt":"2019-03-15T07:16:48","guid":{"rendered":"https:\/\/wordpress.kisaki-muenster.de\/?page_id=3"},"modified":"2019-10-03T19:53:50","modified_gmt":"2019-10-03T19:53:50","slug":"privacy-policy","status":"publish","type":"page","link":"https:\/\/www.kisaki-muenster.de\/?page_id=3","title":{"rendered":"Impressum &#038; Datenschutz-Erkl\u00e4rung"},"content":{"rendered":"\n<h2 class=\"wp-block-heading\"> Kisaki Karate-Do M\u00fcnster e.V. <\/h2>\n\n\n\n<p>Unsere Webseiten-Adresse lautet: https:\/\/www.kisaki-muenster.de.<\/p>\n\n\n\n<p> Vereinsvorsitz:<br> Ludger Niemann<br> Carl-Neuendorff-Weg 41<br>48161 M\u00fcnster<br>Tel. 02533-93 59 88 5<br><br> Vereinsregisternummer: 3581<br><br> Der Verein ist Mitglied in folgenden Institutionen und Verb\u00e4nden:<br><br> Stadtsportbund M\u00fcnster, LSB NRW, KDNW, GKD und DKVInhaltlich Verantwortlicher gem\u00e4\u00df \u00a7 6 MDStV ist\u00a0<br> Sie erreichen den Webmaster \u00fcber\u00a0<strong><a href=\"https:\/\/www.kisaki-muenster.de\/?page_id=98\">Kontakt<\/a><\/strong>.<\/p>\n\n\n\n<p>\nDisclaimer &#8211; Haftungsausschluss\n\n<\/p>\n\n\n\n<p> 1. Inhalt des Onlineangebotes&nbsp;<br> <br> Der Autor \u00fcbernimmt keinerlei  Gew\u00e4hr f\u00fcr die Aktualit\u00e4t, Korrektheit, Vollst\u00e4ndigkeit oder Qualit\u00e4t  der bereitgestellten Informationen. Haftungsanspr\u00fcche gegen den Autor,  welche sich auf Sch\u00e4den materieller oder ideeller Art beziehen, die  durch die Nutzung oder Nichtnutzung der dargebotenen Informationen bzw.  durch die Nutzung fehlerhafter und unvollst\u00e4ndiger Informationen  verursacht wurden, sind grunds\u00e4tzlich ausgeschlossen, sofern seitens des  Autors kein nachweislich vors\u00e4tzliches oder grob fahrl\u00e4ssiges  Verschulden vorliegt.&nbsp;<br> Alle Angebote sind freibleibend und  unverbindlich. Der Autor beh\u00e4lt es sich ausdr\u00fccklich vor, Teile der  Seiten oder das gesamte Angebot ohne gesonderte Ank\u00fcndigung zu  ver\u00e4ndern, zu erg\u00e4nzen, zu l\u00f6schen oder die Ver\u00f6ffentlichung zeitweise  oder endg\u00fcltig einzustellen.&nbsp;<br> <br> 2. Verweise und Links<br> <br>  Bei direkten oder indirekten Verweisen auf fremde Webseiten  (&#8222;Hyperlinks&#8220;), die au\u00dferhalb des Verantwortungsbereiches des Autors  liegen, w\u00fcrde eine Haftungsverpflichtung ausschlie\u00dflich in dem Fall in  Kraft treten, in dem der Autor von den Inhalten Kenntnis hat und es ihm  technisch m\u00f6glich und zumutbar w\u00e4re, die Nutzung im Falle rechtswidriger  Inhalte zu verhindern.&nbsp;<br> Der Autor erkl\u00e4rt hiermit ausdr\u00fccklich,  dass zum Zeitpunkt der Linksetzung keine illegalen Inhalte auf den zu  verlinkenden Seiten erkennbar waren. Auf die aktuelle und zuk\u00fcnftige  Gestaltung, die Inhalte oder die Urheberschaft der  verlinkten\/verkn\u00fcpften Seiten hat der Autor keinerlei Einfluss. Deshalb  distanziert er sich hiermit ausdr\u00fccklich von allen Inhalten aller  verlinkten \/verkn\u00fcpften Seiten, die nach der Linksetzung ver\u00e4ndert  wurden. Diese Feststellung gilt f\u00fcr alle innerhalb des eigenen  Internetangebotes gesetzten Links und Verweise sowie f\u00fcr Fremdeintr\u00e4ge  in vom Autor eingerichteten G\u00e4steb\u00fcchern, Diskussionsforen,  Linkverzeichnissen, Mailinglisten und in allen anderen Formen von  Datenbanken, auf deren Inhalt externe Schreibzugriffe m\u00f6glich sind. F\u00fcr  illegale, fehlerhafte oder unvollst\u00e4ndige Inhalte und insbesondere f\u00fcr  Sch\u00e4den, die aus der Nutzung oder Nichtnutzung solcherart dargebotener  Informationen entstehen, haftet allein der Anbieter der Seite, auf  welche verwiesen wurde, nicht derjenige, der \u00fcber Links auf die  jeweilige Ver\u00f6ffentlichung lediglich verweist.&nbsp;<br> <br> 3. Urheber- und Kennzeichenrecht<br> <br>  Der Autor ist bestrebt, in allen Publikationen die Urheberrechte der  verwendeten Bilder, Grafiken, Tondokumente, Videosequenzen und Texte zu  beachten, von ihm selbst erstellte Bilder, Grafiken, Tondokumente,  Videosequenzen und Texte zu nutzen oder auf lizenzfreie Grafiken,  Tondokumente, Videosequenzen und Texte zur\u00fcckzugreifen.&nbsp;<br> Alle  innerhalb des Internetangebotes genannten und ggf. durch Dritte  gesch\u00fctzten Marken- und Warenzeichen unterliegen uneingeschr\u00e4nkt den  Bestimmungen des jeweils g\u00fcltigen Kennzeichenrechts und den  Besitzrechten der jeweiligen eingetragenen Eigent\u00fcmer. Allein aufgrund  der blo\u00dfen Nennung ist nicht der Schluss zu ziehen, dass Markenzeichen  nicht durch Rechte Dritter gesch\u00fctzt sind!&nbsp;<br> Das Copyright f\u00fcr  ver\u00f6ffentlichte, vom Autor selbst erstellte Objekte bleibt allein beim  Autor der Seiten. Eine Vervielf\u00e4ltigung oder Verwendung solcher  Grafiken, Tondokumente, Videosequenzen und Texte in anderen  elektronischen oder gedruckten Publikationen ist ohne ausdr\u00fcckliche  Zustimmung des Autors nicht gestattet.&nbsp;<br> <br> 4. Rechtswirksamkeit dieses Haftungsausschlusses<br> <br>  Dieser Haftungsausschluss ist als Teil des Internetangebotes zu  betrachten, von dem aus auf diese Seite verwiesen wurde. Sofern Teile  oder einzelne Formulierungen dieses Textes der geltenden Rechtslage  nicht, nicht mehr oder nicht vollst\u00e4ndig entsprechen sollten, bleiben  die \u00fcbrigen Teile des Dokumentes in ihrem Inhalt und ihrer G\u00fcltigkeit  davon unber\u00fchrt. <\/p>\n\n\n\n<h3 class=\"wp-block-heading\"> Datenschutzerkl\u00e4rung <\/h3>\n\n\n\n<p>Articles on this site may include embedded content (e.g. videos, images, articles, etc.). Embedded content from other websites behaves in the exact same way as if the visitor has visited the other website.<\/p>\n\n\n\n<p>1. Datenschutz auf einen Blick<\/p>\n\n\n\n<p><br>Allgemeine Hinweise<\/p>\n\n\n\n<p><br>Die folgenden Hinweise geben einen einfachen \u00dcberblick dar\u00fcber, \nwas mit Ihren personenbezogenen Daten passiert, wenn Sie unsere Website \nbesuchen. Personenbezogene Daten sind alle Daten, mit denen Sie \npers\u00f6nlich identifiziert werden k\u00f6nnen.<\/p>\n\n\n\n<p>Datenerfassung auf unserer Website<br>Wer ist verantwortlich f\u00fcr die Datenerfassung auf dieser Website?<br>Die\n Datenverarbeitung auf dieser Website erfolgt durch den \nWebsitebetreiber. Dessen Kontaktdaten k\u00f6nnen Sie dem Impressum dieser \nWebsite entnehmen.<\/p>\n\n\n\n<p><br>Wie erfassen wir Ihre Daten?<br>Ihre Daten werden zum einen \ndadurch erhoben, dass Sie uns diese mitteilen. Andere Daten werden \nautomatisch beim Besuch der Website durch unsere IT-Systeme erfasst. Das\n sind vor allem technische Daten (z.B. Internetbrowser, Betriebssystem \noder Uhrzeit des Seitenaufrufs). Die Erfassung dieser Daten erfolgt \nautomatisch, sobald Sie unsere Website betreten.<\/p>\n\n\n\n<p><br>Wof\u00fcr nutzen wir Ihre Daten?<br>Ein Teil der Daten wird erhoben, \num eine fehlerfreie Bereitstellung der Website zu gew\u00e4hrleisten. Andere \nDaten k\u00f6nnen zur Analyse Ihres Nutzerverhaltens verwendet werden.<\/p>\n\n\n\n<p><br>Welche Rechte haben Sie bez\u00fcglich Ihrer Daten?<br>Sie haben \njederzeit das Recht unentgeltlich Auskunft \u00fcber Herkunft, Empf\u00e4nger und \nZweck Ihrer gespeicherten personenbezogenen Daten zu erhalten. Sie haben\n au\u00dferdem ein Recht, die Berichtigung, Sperrung oder L\u00f6schung dieser \nDaten zu verlangen. Hierzu sowie zu weiteren Fragen zum Thema \nDatenschutz k\u00f6nnen Sie sich jederzeit unter der im Impressum angegebenen\n Adresse an uns wenden. Des Weiteren steht Ihnen ein Beschwerderecht bei\n der zust\u00e4ndigen Aufsichtsbeh\u00f6rde zu.<\/p>\n\n\n\n<p>Analyse-Tools und Tools von Drittanbietern<br>Beim Besuch unserer \nWebsite kann Ihr Surf-Verhalten statistisch ausgewertet werden. Das \ngeschieht vor allem mit Cookies und mit sogenannten Analyseprogrammen. \nDie Analyse Ihres Surf-Verhaltens erfolgt in der Regel anonym; das \nSurf-Verhalten kann nicht zu Ihnen zur\u00fcckverfolgt werden. Sie k\u00f6nnen \ndieser Analyse widersprechen oder sie durch die Nichtbenutzung \nbestimmter Tools verhindern.<br>Sie k\u00f6nnen dieser Analyse widersprechen.\n \u00dcber die Widerspruchsm\u00f6glichkeiten werden wir Sie in dieser \nDatenschutzerkl\u00e4rung informieren.<\/p>\n\n\n\n<p><br>2. Allgemeine Hinweise und Pflichtinformationen<\/p>\n\n\n\n<p>Datenschutz<br>Die Betreiber dieser Seiten nehmen den Schutz Ihrer \npers\u00f6nlichen Daten sehr ernst. Wir behandeln Ihre personenbezogenen \nDaten vertraulich und entsprechend der gesetzlichen \nDatenschutzvorschriften sowie dieser Datenschutzerkl\u00e4rung.<\/p>\n\n\n\n<p><br>Wenn Sie diese Website benutzen, werden verschiedene \npersonenbezogene Daten erhoben. Personenbezogene Daten sind Daten, mit \ndenen Sie pers\u00f6nlich identifiziert werden k\u00f6nnen. Die vorliegende \nDatenschutzerkl\u00e4rung erl\u00e4utert, welche Daten wir erheben und wof\u00fcr wir \nsie nutzen. Sie erl\u00e4utert auch, wie und zu welchem Zweck das geschieht.<\/p>\n\n\n\n<p><br>Wir weisen darauf hin, dass die Daten\u00fcbertragung im Internet \n(z.B. bei der Kommunikation per E-Mail) Sicherheitsl\u00fccken aufweisen \nkann. Ein l\u00fcckenloser Schutz der Daten vor dem Zugriff durch Dritte ist \nnicht m\u00f6glich.<\/p>\n\n\n\n<p>Hinweis zur verantwortlichen Stelle<br>Die verantwortliche Stelle f\u00fcr die Datenverarbeitung auf dieser Website ist:<br>Kisaki Karate-Do M\u00fcnster e.V.<br>Ludger Niemann (1. Vors.), Adresse siehe oben Impressum<\/p>\n\n\n\n<p>Verantwortliche Stelle ist die nat\u00fcrliche oder juristische Person, \ndie allein oder gemeinsam mit anderen \u00fcber die Zwecke und Mittel der \nVerarbeitung von personenbezogenen Daten (z.B. Namen, E-Mail-Adressen o.\n \u00c4.) entscheidet.<\/p>\n\n\n\n<p>Widerruf Ihrer Einwilligung zur Datenverarbeitung<br>Viele \nDatenverarbeitungsvorg\u00e4nge sind nur mit Ihrer ausdr\u00fccklichen \nEinwilligung m\u00f6glich. Sie k\u00f6nnen eine bereits erteilte Einwilligung \njederzeit widerrufen. Dazu reicht eine formlose Mitteilung per E-Mail an\n uns. Die Rechtm\u00e4\u00dfigkeit der bis zum Widerruf erfolgten \nDatenverarbeitung bleibt vom Widerruf unber\u00fchrt.<\/p>\n\n\n\n<p>Beschwerderecht bei der zust\u00e4ndigen Aufsichtsbeh\u00f6rde<\/p>\n\n\n\n<p><br>Im Falle datenschutzrechtlicher Verst\u00f6\u00dfe steht dem Betroffenen \nein Beschwerderecht bei der zust\u00e4ndigen Aufsichtsbeh\u00f6rde zu. Zust\u00e4ndige \nAufsichtsbeh\u00f6rde in datenschutzrechtlichen Fragen ist der \nLandesdatenschutzbeauftragte des Bundeslandes, in dem unser Unternehmen \nseinen Sitz hat. Eine Liste der Datenschutzbeauftragten sowie deren \nKontaktdaten k\u00f6nnen folgendem Link entnommen werden: <a href=\"https:\/\/www.bfdi.bund.de\/DE\/Infothek\/Anschriften_Links\/anschriften_links-node.html.\">https:\/\/www.bfdi.bund.de\/DE\/Infothek\/Anschriften_Links\/anschriften_links-node.html.<\/a><\/p>\n\n\n\n<p>Recht auf Daten\u00fcbertragbarkeit<br>Sie haben das Recht, Daten, die wir\n auf Grundlage Ihrer Einwilligung oder in Erf\u00fcllung eines Vertrags \nautomatisiert verarbeiten, an sich oder an einen Dritten in einem \ng\u00e4ngigen, maschinenlesbaren Format aush\u00e4ndigen zu lassen. Sofern Sie die\n direkte \u00dcbertragung der Daten an einen anderen Verantwortlichen \nverlangen, erfolgt dies nur, soweit es technisch machbar ist.<\/p>\n\n\n\n<p>Auskunft, Sperrung, L\u00f6schung<br>Sie haben im Rahmen der geltenden \ngesetzlichen Bestimmungen jederzeit das Recht auf unentgeltliche \nAuskunft \u00fcber Ihre gespeicherten personenbezogenen Daten, deren Herkunft\n und Empf\u00e4nger und den Zweck der Datenverarbeitung und ggf. ein Recht \nauf Berichtigung, Sperrung oder L\u00f6schung dieser Daten. Hierzu sowie zu \nweiteren Fragen zum Thema personenbezogene Daten k\u00f6nnen Sie sich \njederzeit unter der im Impressum angegebenen Adresse an uns wenden.<\/p>\n\n\n\n<p>Widerspruch gegen Werbe-Mails<br>Der Nutzung von im Rahmen der \nImpressumspflicht ver\u00f6ffentlichten Kontaktdaten zur \u00dcbersendung von \nnicht ausdr\u00fccklich angeforderter Werbung und Informationsmaterialien \nwird hiermit widersprochen. Die Betreiber der Seiten behalten sich \nausdr\u00fccklich rechtliche Schritte im Falle der unverlangten Zusendung von\n Werbeinformationen, etwa durch Spam-E-Mails, vor.<\/p>\n\n\n\n<p><br>3. Datenschutzbeauftragter<\/p>\n\n\n\n<p>Gesetzlich vorgeschriebener Datenschutzbeauftragter<br>F\u00fcr den Datenschutz ist der Vereinsvorstand zust\u00e4ndig.<\/p>\n\n\n\n<p><br>4. Datenerfassung auf unserer Website<\/p>\n\n\n\n<p>Cookies<br>Die Internetseiten verwenden teilweise so genannte \nCookies. Cookies richten auf Ihrem Rechner keinen Schaden an und \nenthalten keine Viren. Cookies dienen dazu, unser Angebot \nnutzerfreundlicher, effektiver und sicherer zu machen. Cookies sind \nkleine Textdateien, die auf Ihrem Rechner abgelegt werden und die Ihr \nBrowser speichert.<br>Die meisten der von uns verwendeten Cookies sind \nso genannte \u201cSession-Cookies\u201d. Sie werden nach Ende Ihres Besuchs \nautomatisch gel\u00f6scht. Andere Cookies bleiben auf Ihrem Endger\u00e4t \ngespeichert bis Sie diese l\u00f6schen. Diese Cookies erm\u00f6glichen es uns, \nIhren Browser beim n\u00e4chsten Besuch wiederzuerkennen.<br>Sie k\u00f6nnen Ihren\n Browser so einstellen, dass Sie \u00fcber das Setzen von Cookies informiert \nwerden und Cookies nur im Einzelfall erlauben, die Annahme von Cookies \nf\u00fcr bestimmte F\u00e4lle oder generell ausschlie\u00dfen sowie das automatische \nL\u00f6schen der Cookies beim Schlie\u00dfen des Browser aktivieren. Bei der \nDeaktivierung von Cookies kann die Funktionalit\u00e4t dieser Website \neingeschr\u00e4nkt sein.<br>Cookies, die zur Durchf\u00fchrung des elektronischen \nKommunikationsvorgangs oder zur Bereitstellung bestimmter, von Ihnen \nerw\u00fcnschter Funktionen (z.B. Warenkorbfunktion) erforderlich sind, \nwerden auf Grundlage von Art. 6 Abs. 1 lit. f DSGVO gespeichert. Der \nWebsitebetreiber hat ein berechtigtes Interesse an der Speicherung von \nCookies zur technisch fehlerfreien und optimierten Bereitstellung seiner\n Dienste. Soweit andere Cookies (z.B. Cookies zur Analyse Ihres \nSurfverhaltens) gespeichert werden, werden diese in dieser \nDatenschutzerkl\u00e4rung gesondert behandelt.<\/p>\n\n\n\n<p>Server-Log-Dateien<br>Der Provider der Seiten erhebt und speichert \nautomatisch Informationen in so genannten Server-Log-Dateien, die Ihr \nBrowser automatisch an uns \u00fcbermittelt. Dies sind:<br>\u2022&nbsp;&nbsp; &nbsp;Browsertyp und Browserversion<br>\u2022&nbsp;&nbsp; &nbsp;verwendetes Betriebssystem<br>\u2022&nbsp;&nbsp; &nbsp;Referrer URL<br>\u2022&nbsp;&nbsp; &nbsp;Hostname des zugreifenden Rechners<br>\u2022&nbsp;&nbsp; &nbsp;Uhrzeit der Serveranfrage<br>\u2022&nbsp;&nbsp; &nbsp;IP-Adresse<br>Eine Zusammenf\u00fchrung dieser Daten mit anderen Datenquellen wird nicht vorgenommen.<br>Grundlage\n f\u00fcr die Datenverarbeitung ist Art. 6 Abs. 1 lit. f DSGVO, der die \nVerarbeitung von Daten zur Erf\u00fcllung eines Vertrags oder \nvorvertraglicher Ma\u00dfnahmen gestattet.<\/p>\n\n\n\n<p><br>5. Analyse Tools und Werbung<br>Wir verwenden keine Analyse Tools.<\/p>\n\n\n\n<p>Browser Plugin<br>Sie k\u00f6nnen die Speicherung der Cookies durch eine \nentsprechende Einstellung Ihrer Browser-Software verhindern; wir weisen \nSie jedoch darauf hin, dass Sie in diesem Fall gegebenenfalls nicht \ns\u00e4mtliche Funktionen dieser Website vollumf\u00e4nglich werden nutzen k\u00f6nnen.\n Sie k\u00f6nnen dar\u00fcber hinaus die Erfassung der durch den Cookie erzeugten \nund auf Ihre Nutzung der Website bezogenen Daten (inkl. Ihrer \nIP-Adresse) an Google sowie die Verarbeitung dieser Daten durch Google \nverhindern, indem Sie das unter dem folgenden Link verf\u00fcgbare \nBrowser-Plugin herunterladen und installieren: <a href=\"https:\/\/tools.google.com\/dlpage\/gaoptout?hl=de.\">https:\/\/tools.google.com\/dlpage\/gaoptout?hl=de.<\/a><\/p>\n","protected":false},"excerpt":{"rendered":"<p>Kisaki Karate-Do M\u00fcnster e.V. Unsere Webseiten-Adresse lautet: https:\/\/www.kisaki-muenster.de. Vereinsvorsitz: Ludger Niemann Carl-Neuendorff-Weg 4148161 M\u00fcnsterTel. 02533-93 59 88 5 Vereinsregisternummer: 3581 Der Verein ist Mitglied in folgenden Institutionen und Verb\u00e4nden: Stadtsportbund &#8230; <a title=\"Impressum &#038; Datenschutz-Erkl\u00e4rung\" class=\"read-more\" href=\"https:\/\/www.kisaki-muenster.de\/?page_id=3\" aria-label=\"Mehr Informationen \u00fcber Impressum &#038; Datenschutz-Erkl\u00e4rung\">Weiterlesen<\/a><\/p>\n","protected":false},"author":2,"featured_media":0,"parent":0,"menu_order":0,"comment_status":"closed","ping_status":"closed","template":"","meta":{"_themeisle_gutenberg_block_has_review":false,"footnotes":""},"class_list":["post-3","page","type-page","status-publish"],"_links":{"self":[{"href":"https:\/\/www.kisaki-muenster.de\/index.php?rest_route=\/wp\/v2\/pages\/3","targetHints":{"allow":["GET"]}}],"collection":[{"href":"https:\/\/www.kisaki-muenster.de\/index.php?rest_route=\/wp\/v2\/pages"}],"about":[{"href":"https:\/\/www.kisaki-muenster.de\/index.php?rest_route=\/wp\/v2\/types\/page"}],"author":[{"embeddable":true,"href":"https:\/\/www.kisaki-muenster.de\/index.php?rest_route=\/wp\/v2\/users\/2"}],"replies":[{"embeddable":true,"href":"https:\/\/www.kisaki-muenster.de\/index.php?rest_route=%2Fwp%2Fv2%2Fcomments&post=3"}],"version-history":[{"count":4,"href":"https:\/\/www.kisaki-muenster.de\/index.php?rest_route=\/wp\/v2\/pages\/3\/revisions"}],"predecessor-version":[{"id":627,"href":"https:\/\/www.kisaki-muenster.de\/index.php?rest_route=\/wp\/v2\/pages\/3\/revisions\/627"}],"wp:attachment":[{"href":"https:\/\/www.kisaki-muenster.de\/index.php?rest_route=%2Fwp%2Fv2%2Fmedia&parent=3"}],"curies":[{"name":"wp","href":"https:\/\/api.w.org\/{rel}","templated":true}]}}