{"id":3851,"date":"2026-04-18T15:22:59","date_gmt":"2026-04-18T13:22:59","guid":{"rendered":"https:\/\/www.kisaki-muenster.de\/?page_id=3851"},"modified":"2026-04-18T16:14:11","modified_gmt":"2026-04-18T14:14:11","slug":"trainer-neu","status":"publish","type":"page","link":"https:\/\/www.kisaki-muenster.de\/?page_id=3851","title":{"rendered":"Trainer Neu"},"content":{"rendered":"\n<p><\/p>\n\n\n\n\n\n<figure class=\"wp-block-table is-style-stripes\"><table class=\"has-fixed-layout\"><tbody><tr><td><figure><a href=\"https:\/\/www.kisaki-muenster.de\/?attachment_id=321#main\" rel=\"attachment wp-att-321\"><img loading=\"lazy\" decoding=\"async\" class=\"aligncenter size-full wp-image-321\" src=\"https:\/\/www.kisaki-muenster.de\/wp-content\/uploads\/2019\/09\/Trainerportrait_Ludger.jpg\" alt=\"\" width=\"150\" height=\"225\"><\/a><\/figure><\/td><td><br><p><strong>Ludger Niemann<br>Dojoleitung<br><\/strong><\/p><br><p>Karate seit 1982<\/p><br><p>Graduierung:<br>7. Dan<\/p><br><p>Trainerlizenz:<br>B-Trainer<\/p><br><p>Pr\u00fcferlizenz:<br>A-Pr\u00fcfer<\/p><br><\/td><td><figure><a href=\"https:\/\/www.kisaki-muenster.de\/?attachment_id=322#main\" rel=\"attachment wp-att-322\"><img loading=\"lazy\" decoding=\"async\" class=\"aligncenter size-full wp-image-322\" src=\"https:\/\/www.kisaki-muenster.de\/wp-content\/uploads\/2019\/09\/Trainerportrait_Judith.jpg\" alt=\"\" width=\"150\" height=\"225\"><\/a><\/figure><\/td><td><br><p><strong>Judith Niemann<br>Dojoleitung<br><\/strong><\/p><br><p>Karate seit 1995<\/p><p>Graduierung:<br>6. Dan<\/p><br><p>Trainerlizenz:<br>B-Trainerin<\/p><br><p>Pr\u00fcferlizenz:<br>A-Pr\u00fcferin<\/p><br><\/td><\/tr><tr><td>&nbsp;<\/td><td>&nbsp;<\/td><td>&nbsp;<\/td><td>&nbsp;<\/td><\/tr><tr><td>&nbsp;<\/td><td>&nbsp;<\/td><td>&nbsp;<\/td><td>&nbsp;<\/td><\/tr><tr><td>&nbsp;<\/td><td>&nbsp;<\/td><td>&nbsp;<\/td><td>&nbsp;<\/td><\/tr><tr><td>&nbsp;<\/td><td>&nbsp;<\/td><td>&nbsp;<\/td><td>&nbsp;<\/td><\/tr><tr><td>&nbsp;<\/td><td>&nbsp;<\/td><td>&nbsp;<\/td><td>&nbsp;<\/td><\/tr><\/tbody><\/table><\/figure>\n\n\n\n<p>&nbsp;<\/p>\n","protected":false},"excerpt":{"rendered":"<p>Ludger NiemannDojoleitung Karate seit 1982 Graduierung:7. Dan Trainerlizenz:B-Trainer Pr\u00fcferlizenz:A-Pr\u00fcfer Judith NiemannDojoleitung Karate seit 1995 Graduierung:6. Dan Trainerlizenz:B-Trainerin Pr\u00fcferlizenz:A-Pr\u00fcferin &nbsp; &nbsp; &nbsp; &nbsp; &nbsp; &nbsp; &nbsp; &nbsp; &nbsp; &nbsp; &nbsp; &nbsp; &#8230; <a title=\"Trainer Neu\" class=\"read-more\" href=\"https:\/\/www.kisaki-muenster.de\/?page_id=3851\" aria-label=\"Mehr Informationen \u00fcber Trainer Neu\">Weiterlesen<\/a><\/p>\n","protected":false},"author":3,"featured_media":0,"parent":0,"menu_order":0,"comment_status":"closed","ping_status":"closed","template":"","meta":{"_themeisle_gutenberg_block_has_review":false,"footnotes":""},"class_list":["post-3851","page","type-page","status-publish"],"_links":{"self":[{"href":"https:\/\/www.kisaki-muenster.de\/index.php?rest_route=\/wp\/v2\/pages\/3851","targetHints":{"allow":["GET"]}}],"collection":[{"href":"https:\/\/www.kisaki-muenster.de\/index.php?rest_route=\/wp\/v2\/pages"}],"about":[{"href":"https:\/\/www.kisaki-muenster.de\/index.php?rest_route=\/wp\/v2\/types\/page"}],"author":[{"embeddable":true,"href":"https:\/\/www.kisaki-muenster.de\/index.php?rest_route=\/wp\/v2\/users\/3"}],"replies":[{"embeddable":true,"href":"https:\/\/www.kisaki-muenster.de\/index.php?rest_route=%2Fwp%2Fv2%2Fcomments&post=3851"}],"version-history":[{"count":5,"href":"https:\/\/www.kisaki-muenster.de\/index.php?rest_route=\/wp\/v2\/pages\/3851\/revisions"}],"predecessor-version":[{"id":3860,"href":"https:\/\/www.kisaki-muenster.de\/index.php?rest_route=\/wp\/v2\/pages\/3851\/revisions\/3860"}],"wp:attachment":[{"href":"https:\/\/www.kisaki-muenster.de\/index.php?rest_route=%2Fwp%2Fv2%2Fmedia&parent=3851"}],"curies":[{"name":"wp","href":"https:\/\/api.w.org\/{rel}","templated":true}]}}