{"id":3928,"date":"2026-04-28T21:19:41","date_gmt":"2026-04-28T19:19:41","guid":{"rendered":"https:\/\/www.kisaki-muenster.de\/?page_id=3928"},"modified":"2026-04-28T23:20:28","modified_gmt":"2026-04-28T21:20:28","slug":"unser-schutzkonzept","status":"publish","type":"page","link":"https:\/\/www.kisaki-muenster.de\/?page_id=3928","title":{"rendered":"Unser Schutzkonzept"},"content":{"rendered":"\n<div class=\"wp-block-columns is-layout-flex wp-container-core-columns-is-layout-9d6595d7 wp-block-columns-is-layout-flex\">\n<div class=\"wp-block-column is-layout-flow wp-block-column-is-layout-flow\">\n<figure class=\"wp-block-image size-full\"><img loading=\"lazy\" decoding=\"async\" width=\"800\" height=\"800\" src=\"https:\/\/www.kisaki-muenster.de\/wp-content\/uploads\/2026\/04\/Schutzkonzept_2026_quad.jpg\" alt=\"\" class=\"wp-image-3932\" srcset=\"https:\/\/www.kisaki-muenster.de\/wp-content\/uploads\/2026\/04\/Schutzkonzept_2026_quad.jpg 800w, https:\/\/www.kisaki-muenster.de\/wp-content\/uploads\/2026\/04\/Schutzkonzept_2026_quad-300x300.jpg 300w, https:\/\/www.kisaki-muenster.de\/wp-content\/uploads\/2026\/04\/Schutzkonzept_2026_quad-150x150.jpg 150w, https:\/\/www.kisaki-muenster.de\/wp-content\/uploads\/2026\/04\/Schutzkonzept_2026_quad-768x768.jpg 768w\" sizes=\"auto, (max-width: 800px) 100vw, 800px\" \/><\/figure>\n<\/div>\n\n\n\n<div class=\"wp-block-column is-layout-flow wp-block-column-is-layout-flow\">\n<p>Der Schutz von Kindern, Jugendlichen und allen Mitgliedern hat im Kisaki Karate-Do M\u00fcnster e.V. h\u00f6chste Priorit\u00e4t.<br>Als Verein stehen wir f\u00fcr Respekt, Vertrauen und ein sicheres Trainingsumfeld, in dem sich jede und jeder wohlf\u00fchlen kann.<\/p>\n\n\n\n<p>Mit unserem Schutzkonzept gegen sexualisierte und interpersonelle Gewalt schaffen wir klare Strukturen, klare Verhaltensregeln und verbindliche Abl\u00e4ufe, um Grenzverletzungen vorzubeugen und im Ernstfall konsequent und verantwortungsvoll zu handeln.<br> <br>Das Konzept gilt f\u00fcr alle Bereiche unseres Vereinslebens und wird regelm\u00e4\u00dfig \u00fcberpr\u00fcft sowie weiterentwickelt.<\/p>\n\n\n<div\n\t\tclass=\"free align wp-block-btn-button\"\tid='btnButton-1'\n\tdata-nonce='&quot;df09583353&quot;'\n\tdata-attributes='{&quot;cPostId&quot;:3928,&quot;text&quot;:&quot;Download Schutzkonzept&quot;,&quot;url&quot;:&quot;https:\\\/\\\/www.kisaki-muenster.de\\\/wp-content\\\/uploads\\\/2026\\\/04\\\/Schutzkonzept-Kisaki-Muenster_final.pdf&quot;,&quot;icon&quot;:{&quot;svg&quot;:&quot;&lt;svg xmlns=&#039;http:\\\/\\\/www.w3.org\\\/2000\\\/svg&#039; viewBox=&#039;0 0 16 16&#039; id=&#039;download&#039;&gt;&lt;path d=&#039;M.5 9.9a.5.5 0 0 1 .5.5v2.5a1 1 0 0 0 1 1h12a1 1 0 0 0 1-1v-2.5a.5.5 0 0 1 1 0v2.5a2 2 0 0 1-2 2H2a2 2 0 0 1-2-2v-2.5a.5.5 0 0 1 .5-.5&#039;\\\/&gt;&lt;path d=&#039;M7.646 11.854a.5.5 0 0 0 .708 0l3-3a.5.5 0 0 0-.708-.708L8.5 10.293V1.5a.5.5 0 0 0-1 0v8.793L5.354 8.146a.5.5 0 1 0-.708.708z&#039;\\\/&gt;&lt;\\\/svg&gt;&quot;},&quot;colors&quot;:{&quot;color&quot;:&quot;#fff&quot;,&quot;bg&quot;:&quot;var(--contrast-2)&quot;},&quot;hovColors&quot;:{&quot;color&quot;:&quot;#fff&quot;,&quot;bg&quot;:&quot;rgba(255, 0, 0, 1)&quot;},&quot;align&quot;:&quot;&quot;,&quot;actionType&quot;:&quot;link&quot;,&quot;security&quot;:&quot;none&quot;,&quot;securityPassword&quot;:&quot;&quot;,&quot;tooltip&quot;:&quot;&quot;,&quot;tooltipPos&quot;:&quot;top&quot;,&quot;target&quot;:&quot;_self&quot;,&quot;attrs&quot;:{&quot;rel&quot;:&quot;noreferrer&quot;,&quot;referrerpolicy&quot;:&quot;no-referrer&quot;},&quot;hideOn&quot;:{&quot;desktop&quot;:false,&quot;tablet&quot;:false,&quot;mobile&quot;:false},&quot;isDownload&quot;:false,&quot;downloadFileName&quot;:&quot;&quot;,&quot;isUpIcon&quot;:false,&quot;upIcon&quot;:{&quot;id&quot;:null,&quot;url&quot;:&quot;&quot;,&quot;alt&quot;:&quot;&quot;,&quot;title&quot;:&quot;&quot;},&quot;iconPos&quot;:&quot;left&quot;,&quot;type&quot;:&quot;flat&quot;,&quot;isFullWidth&quot;:false,&quot;size&quot;:&quot;medium&quot;,&quot;popup&quot;:{&quot;type&quot;:&quot;image&quot;,&quot;content&quot;:&quot;&quot;,&quot;caption&quot;:&quot;&quot;,&quot;width&quot;:&quot;&quot;},&quot;animationType&quot;:&quot;&quot;,&quot;animationDuration&quot;:0.4,&quot;addID&quot;:&quot;&quot;,&quot;addCSS&quot;:&quot;&quot;,&quot;alignment&quot;:&quot;center&quot;,&quot;typography&quot;:{&quot;fontSize&quot;:{&quot;desktop&quot;:&quot;16px&quot;},&quot;fontWeight&quot;:600,&quot;textDecoration&quot;:&quot;none&quot;},&quot;padding&quot;:{&quot;vertical&quot;:&quot;12px&quot;,&quot;horizontal&quot;:&quot;24px&quot;},&quot;border&quot;:{&quot;radius&quot;:&quot;5px&quot;},&quot;shadow&quot;:[],&quot;hasCustomCSS&quot;:false,&quot;customCSS&quot;:&quot;&quot;,&quot;otterConditions&quot;:[]}'\n\tdata-info='{&quot;userRoles&quot;:[],&quot;loginURL&quot;:&quot;https:\\\/\\\/www.kisaki-muenster.de\\\/wp-login.php&quot;}'\n\tdata-pipecheck=''\n><\/div><\/div>\n<\/div>\n\n\n\n<p><strong>Bei Fragen, Unsicherheiten oder konkreten Anliegen stehen folgende Ansprechpersonen bzw. Vertrauenspersonen vertraulich zur Verf\u00fcgung:<\/strong><\/p>\n\n\n\n<h1>Unsere ausgebildeten Ansprechpersonen<\/h1>\n\n\n\n<div id=\"wp-block-themeisle-blocks-accordion-647e649b\" class=\"wp-block-themeisle-blocks-accordion exclusive\">\n<details class=\"wp-block-themeisle-blocks-accordion-item\"><summary class=\"wp-block-themeisle-blocks-accordion-item__title\"><div><strong>Fabian Kreyenborg<\/strong><\/div><\/summary><div class=\"wp-block-themeisle-blocks-accordion-item__content\">\n<p>eMail: fabian.kreyenborg@gmx.de<br>Handy: 0176 21192212<\/p>\n<\/div><\/details>\n\n\n\n<details class=\"wp-block-themeisle-blocks-accordion-item\"><summary class=\"wp-block-themeisle-blocks-accordion-item__title\"><div><strong>Susanne Haew\u00df<\/strong><\/div><\/summary><div class=\"wp-block-themeisle-blocks-accordion-item__content\">\n<p>eMail: susanne@haewss.de<br>Handy: 0162 9061800<\/p>\n<\/div><\/details>\n<\/div>\n\n\n\n<h1>Zus\u00e4tzlich: Unsere Vertrauenspersonen<\/h1>\n\n\n\n<div id=\"wp-block-themeisle-blocks-accordion-6a0191f8\" class=\"wp-block-themeisle-blocks-accordion exclusive\">\n<details class=\"wp-block-themeisle-blocks-accordion-item\"><summary class=\"wp-block-themeisle-blocks-accordion-item__title\"><div><strong>Merritt Huynh<\/strong><\/div><\/summary><div class=\"wp-block-themeisle-blocks-accordion-item__content\">\n<p>eMail: merritt.huynh@gmail.com<br>Handy: 01590 8478297<\/p>\n<\/div><\/details>\n\n\n\n<details class=\"wp-block-themeisle-blocks-accordion-item\"><summary class=\"wp-block-themeisle-blocks-accordion-item__title\"><div><strong>Leander Schwarz<\/strong><\/div><\/summary><div class=\"wp-block-themeisle-blocks-accordion-item__content\">\n<p>eMail: leander_schwarz@outlook.de<br>Handy: 0176 24384512<\/p>\n<\/div><\/details>\n<\/div>\n\n\n\n<p><strong>Alle Anfragen werden vertraulich behandelt.<\/strong><br><strong>Auf Wunsch kann auch anonym Kontakt aufgenommen werden.<\/strong><\/p>\n\n\n\n\n","protected":false},"excerpt":{"rendered":"<p>Der Schutz von Kindern, Jugendlichen und allen Mitgliedern hat im Kisaki Karate-Do M\u00fcnster e.V. h\u00f6chste Priorit\u00e4t.Als Verein stehen wir f\u00fcr Respekt, Vertrauen und ein sicheres Trainingsumfeld, in dem sich jede &#8230; <a title=\"Unser Schutzkonzept\" class=\"read-more\" href=\"https:\/\/www.kisaki-muenster.de\/?page_id=3928\" aria-label=\"Mehr Informationen \u00fcber Unser Schutzkonzept\">Weiterlesen<\/a><\/p>\n","protected":false},"author":3,"featured_media":0,"parent":0,"menu_order":0,"comment_status":"closed","ping_status":"closed","template":"","meta":{"_themeisle_gutenberg_block_has_review":false,"footnotes":""},"class_list":["post-3928","page","type-page","status-publish"],"_links":{"self":[{"href":"https:\/\/www.kisaki-muenster.de\/index.php?rest_route=\/wp\/v2\/pages\/3928","targetHints":{"allow":["GET"]}}],"collection":[{"href":"https:\/\/www.kisaki-muenster.de\/index.php?rest_route=\/wp\/v2\/pages"}],"about":[{"href":"https:\/\/www.kisaki-muenster.de\/index.php?rest_route=\/wp\/v2\/types\/page"}],"author":[{"embeddable":true,"href":"https:\/\/www.kisaki-muenster.de\/index.php?rest_route=\/wp\/v2\/users\/3"}],"replies":[{"embeddable":true,"href":"https:\/\/www.kisaki-muenster.de\/index.php?rest_route=%2Fwp%2Fv2%2Fcomments&post=3928"}],"version-history":[{"count":21,"href":"https:\/\/www.kisaki-muenster.de\/index.php?rest_route=\/wp\/v2\/pages\/3928\/revisions"}],"predecessor-version":[{"id":3964,"href":"https:\/\/www.kisaki-muenster.de\/index.php?rest_route=\/wp\/v2\/pages\/3928\/revisions\/3964"}],"wp:attachment":[{"href":"https:\/\/www.kisaki-muenster.de\/index.php?rest_route=%2Fwp%2Fv2%2Fmedia&parent=3928"}],"curies":[{"name":"wp","href":"https:\/\/api.w.org\/{rel}","templated":true}]}}