{"id":46,"date":"2019-09-27T18:49:00","date_gmt":"2019-09-27T18:49:00","guid":{"rendered":"https:\/\/wordpress.kisaki-muenster.de\/?page_id=46"},"modified":"2019-10-01T19:59:16","modified_gmt":"2019-10-01T19:59:16","slug":"wir-ueber-uns","status":"publish","type":"page","link":"https:\/\/www.kisaki-muenster.de\/?page_id=46","title":{"rendered":"\u00dcber uns"},"content":{"rendered":"\n<p>Es freut uns, dass Ihr den Weg zu unserer neuen Homepage gefunden habt. Bleibt noch einige Augenblicke auf unseren Dojoseiten. Wir haben sicherlich vielseitige Informationen f\u00fcr Euch.<br><br>Das Kisaki Karate-Dojo vermittelt das Goju-Ryu Karate-Do f\u00fcr die unterschiedlichen Altersgruppen und Zielsetzungen dieser Kampfkunst.<br><br>Viel Spa\u00df und bis bald beim Training!<\/p>\n","protected":false},"excerpt":{"rendered":"<p>Es freut uns, dass Ihr den Weg zu unserer neuen Homepage gefunden habt. Bleibt noch einige Augenblicke auf unseren Dojoseiten. Wir haben sicherlich vielseitige Informationen f\u00fcr Euch. Das Kisaki Karate-Dojo &#8230; <a title=\"\u00dcber uns\" class=\"read-more\" href=\"https:\/\/www.kisaki-muenster.de\/?page_id=46\" aria-label=\"Mehr Informationen \u00fcber \u00dcber uns\">Weiterlesen<\/a><\/p>\n","protected":false},"author":2,"featured_media":0,"parent":0,"menu_order":0,"comment_status":"closed","ping_status":"closed","template":"","meta":{"_themeisle_gutenberg_block_has_review":false,"footnotes":""},"class_list":["post-46","page","type-page","status-publish"],"_links":{"self":[{"href":"https:\/\/www.kisaki-muenster.de\/index.php?rest_route=\/wp\/v2\/pages\/46","targetHints":{"allow":["GET"]}}],"collection":[{"href":"https:\/\/www.kisaki-muenster.de\/index.php?rest_route=\/wp\/v2\/pages"}],"about":[{"href":"https:\/\/www.kisaki-muenster.de\/index.php?rest_route=\/wp\/v2\/types\/page"}],"author":[{"embeddable":true,"href":"https:\/\/www.kisaki-muenster.de\/index.php?rest_route=\/wp\/v2\/users\/2"}],"replies":[{"embeddable":true,"href":"https:\/\/www.kisaki-muenster.de\/index.php?rest_route=%2Fwp%2Fv2%2Fcomments&post=46"}],"version-history":[{"count":2,"href":"https:\/\/www.kisaki-muenster.de\/index.php?rest_route=\/wp\/v2\/pages\/46\/revisions"}],"predecessor-version":[{"id":582,"href":"https:\/\/www.kisaki-muenster.de\/index.php?rest_route=\/wp\/v2\/pages\/46\/revisions\/582"}],"wp:attachment":[{"href":"https:\/\/www.kisaki-muenster.de\/index.php?rest_route=%2Fwp%2Fv2%2Fmedia&parent=46"}],"curies":[{"name":"wp","href":"https:\/\/api.w.org\/{rel}","templated":true}]}}