{"id":48,"date":"2019-09-27T18:51:06","date_gmt":"2019-09-27T18:51:06","guid":{"rendered":"https:\/\/wordpress.kisaki-muenster.de\/?page_id=48"},"modified":"2022-05-29T15:06:55","modified_gmt":"2022-05-29T13:06:55","slug":"erwachsene","status":"publish","type":"page","link":"https:\/\/www.kisaki-muenster.de\/?page_id=48","title":{"rendered":"Training f\u00fcr Erwachsene"},"content":{"rendered":"\n<p><strong>Trainingszeiten:<\/strong><\/p>\n<p><strong>Montags und mittwochs<\/strong> 20:00 bis 21:30 Uhr; <strong>Erwachsene<\/strong><br \/>Gro\u00dfe Turnhalle des Hittorf-Gymnasiums, Prinz-Eugen-Stra\u00dfe 27, Eingang an der Turmstra\u00dfe<\/p>\n\n\n\n<p><strong>Freitags<\/strong> 19:00 bis 20:30 Uhr; <strong>Jugendliche und Erwachsene<\/strong>, Schwerpunkte <strong>Kumite<\/strong> und <strong>Kata<\/strong><br>Gymmastik-Turnhalle des Hittorf-Gymnasiums, Prinz-Eugen-Stra\u00dfe 27, Eingang an der Turmstra\u00dfe<\/p>\n\n\n\n<p><strong>Samstags<\/strong> 14:00 bis 16:00 Uhr;&nbsp;<strong>freies Training nach Absprache<br><\/strong>Turnhalle der Martin-Luther-Schule, Coerdestra\u00dfe 8<\/p>\n\n\n\n<div class=\"wp-block-file\"><a id=\"wp-block-file--media-05dac68b-7884-4af7-89ce-cb42a11e77ef\" href=\"https:\/\/www.kisaki-muenster.de\/wp-content\/uploads\/2019\/10\/Karte-Hittorf-mit-Beschriftung-web-1.jpg\">Karte der Turnhalle des Hittorf-Gymnasiums<\/a><a href=\"https:\/\/www.kisaki-muenster.de\/wp-content\/uploads\/2019\/10\/Karte-Hittorf-mit-Beschriftung-web-1.jpg\" class=\"wp-block-file__button\" download aria-describedby=\"wp-block-file--media-05dac68b-7884-4af7-89ce-cb42a11e77ef\">Herunterladen<\/a><\/div>\n\n\n<div class=\"wp-block-image\">\n<figure class=\"alignleft is-resized\"><img loading=\"lazy\" decoding=\"async\" src=\"https:\/\/www.kisaki-muenster.de\/wp-content\/uploads\/2019\/09\/Zuki-team-1024x566.jpg\" alt=\"\" class=\"wp-image-308\" width=\"583\" height=\"322\" srcset=\"https:\/\/www.kisaki-muenster.de\/wp-content\/uploads\/2019\/09\/Zuki-team-1024x566.jpg 1024w, https:\/\/www.kisaki-muenster.de\/wp-content\/uploads\/2019\/09\/Zuki-team-300x166.jpg 300w, https:\/\/www.kisaki-muenster.de\/wp-content\/uploads\/2019\/09\/Zuki-team-768x424.jpg 768w, https:\/\/www.kisaki-muenster.de\/wp-content\/uploads\/2019\/09\/Zuki-team.jpg 1200w\" sizes=\"auto, (max-width: 583px) 100vw, 583px\" \/><\/figure>\n<\/div>","protected":false},"excerpt":{"rendered":"<p>Trainingszeiten: Montags und mittwochs 20:00 bis 21:30 Uhr; ErwachseneGro\u00dfe Turnhalle des Hittorf-Gymnasiums, Prinz-Eugen-Stra\u00dfe 27, Eingang an der Turmstra\u00dfe Freitags 19:00 bis 20:30 Uhr; Jugendliche und Erwachsene, Schwerpunkte Kumite und KataGymmastik-Turnhalle &#8230; <a title=\"Training f\u00fcr Erwachsene\" class=\"read-more\" href=\"https:\/\/www.kisaki-muenster.de\/?page_id=48\" aria-label=\"Mehr Informationen \u00fcber Training f\u00fcr Erwachsene\">Weiterlesen<\/a><\/p>\n","protected":false},"author":2,"featured_media":0,"parent":0,"menu_order":0,"comment_status":"closed","ping_status":"closed","template":"","meta":{"_themeisle_gutenberg_block_has_review":false,"footnotes":""},"class_list":["post-48","page","type-page","status-publish"],"_links":{"self":[{"href":"https:\/\/www.kisaki-muenster.de\/index.php?rest_route=\/wp\/v2\/pages\/48","targetHints":{"allow":["GET"]}}],"collection":[{"href":"https:\/\/www.kisaki-muenster.de\/index.php?rest_route=\/wp\/v2\/pages"}],"about":[{"href":"https:\/\/www.kisaki-muenster.de\/index.php?rest_route=\/wp\/v2\/types\/page"}],"author":[{"embeddable":true,"href":"https:\/\/www.kisaki-muenster.de\/index.php?rest_route=\/wp\/v2\/users\/2"}],"replies":[{"embeddable":true,"href":"https:\/\/www.kisaki-muenster.de\/index.php?rest_route=%2Fwp%2Fv2%2Fcomments&post=48"}],"version-history":[{"count":11,"href":"https:\/\/www.kisaki-muenster.de\/index.php?rest_route=\/wp\/v2\/pages\/48\/revisions"}],"predecessor-version":[{"id":2310,"href":"https:\/\/www.kisaki-muenster.de\/index.php?rest_route=\/wp\/v2\/pages\/48\/revisions\/2310"}],"wp:attachment":[{"href":"https:\/\/www.kisaki-muenster.de\/index.php?rest_route=%2Fwp%2Fv2%2Fmedia&parent=48"}],"curies":[{"name":"wp","href":"https:\/\/api.w.org\/{rel}","templated":true}]}}