{"id":84,"date":"2019-09-27T20:21:19","date_gmt":"2019-09-27T20:21:19","guid":{"rendered":"https:\/\/wordpress.kisaki-muenster.de\/?page_id=84"},"modified":"2023-02-21T21:58:26","modified_gmt":"2023-02-21T20:58:26","slug":"ueber-unser-dojo","status":"publish","type":"page","link":"https:\/\/www.kisaki-muenster.de\/?page_id=84","title":{"rendered":"\u00dcber unser Dojo"},"content":{"rendered":"\n<p>Kisaki Karate-Do M\u00fcnster e.V. wurde 1994 auf Initiative von <a href=\"https:\/\/www.karate-gkd.de\/gkd\/praesidium\">Ulrich Heckhuis<\/a> gegr\u00fcndet. Gr\u00fcndungsmitglieder waren damals Ulrich Heckhuis, Rolf Bunk, Alexander Ehrbar, Ludger Niemann, Kay Frey und Alexandra L\u00f6cken.<\/p>\n<p>Als der Verein 1994 gegr\u00fcndet wurde, geschah dies eigentlich, um Nachwuchs f\u00fcr die damals bestehende Bundesligamannschaft des <a href=\"http:\/\/www.karate.st-arnold.org\/\">TuS St. Arnold<\/a> im Kreis Steinfurt heranzuziehen. Der dort ans\u00e4ssige Verein geh\u00f6rt zu den erfolgreichsten in Nordrhein-Westfalen. Diese Idee wurde bald wieder verworfen, als klar wurde, dass sich eher Studierende an dem neuen Verein interessierten \u2013 um Bundesligak\u00e4mpfer heranzuziehen, m\u00fcsste man im Kindesalter mit dem Training beginnen.<\/p>\n<p>In den Anf\u00e4ngen orientierte sich der Verein stark am Wettkampfgeschehen. Es konnten einige wichtige Erfolge auf Bezirks-, Landes- und Bundesebene erreicht werden. Besonders hervorzuheben ist der erste und bislang einzige Deutsche Meistertitel des Vereins, den Judith Niemann 2005 in der Klasse Kata Damen \u00dc30 im Deutschen Karate Verband erk\u00e4mpfte. 2006 erhielt sie die Ehrenplakette der Stadt M\u00fcnster f\u00fcr hervorragende sportliche Erfolge durch OB Dr. Berthold Tillmann. Sie ist heute eine der f\u00fcnf Vereinsleiter und gibt ihr Wissen und ihre Erfahrung insbesondere an die Kindergruppe weiter. Diese Gruppe wurde 2018 in Kooperation mit dem <a href=\"http:\/\/www.sc-nienberge.de\/\">djk SC Nienberge<\/a> (speziell mit Astrid Markmann) gegr\u00fcndet. Die Jugendquote betr\u00e4gt aktuell 51 %.<\/p>\n<p><br \/>Der Schwerpunkt der erwachsenen Breitensportler liegt inzwischen unter anderem auf realistischer Selbstverteidigung. Es trainieren Frauen und M\u00e4nner im Alter zwischen 18 und 72 Jahren miteinander. Der kleine Verein setzt auf echte Teamarbeit im Training. Fast alle Trainer haben ihre Kampfkunst vor Ort gelernt, haben Trainerlehrg\u00e4nge beim Fachverband absolviert und geben so ihrem Verein ehrenamtlich von dem zur\u00fcck, wovon sie selbst profitieren konnten.<\/p>\n<p>Obwohl Kisaki Karate-Do M\u00fcnster ein sehr kleiner Verein ist, gemessen an den Multispartenvereinen im Stadtsportbund, so zeichnet ihn doch eine hohe Qualit\u00e4t aus: In den 25 Jahren seines Bestehens wurden mehr als 30 Sportlerinnen und Sportler den Weg bis zum Schwarzgurt gef\u00fchrt, einige tragen bereits hohe Meistergrade.<\/p>\n<p>Wir sind Mitglied im <a href=\"http:\/\/www.karate.de\">Deutschen Karate Verband DKV<\/a>, im <a href=\"http:\/\/www.kdnw.de\">Karate-Dachverband Nordrhein-Westfalen KDNW<\/a>, im <a href=\"http:\/\/www.karate-gkd.de\">GOJU-Ryu Karate-Bund Deutschland GKD<\/a>, im <a href=\"http:\/\/www.stadtsportbund-ms.de\/\">Stadtsportbund M\u00fcnster<\/a> sowie im <a href=\"https:\/\/www.lsb.nrw\/\">LSB NRW<\/a>.<\/p>\n","protected":false},"excerpt":{"rendered":"<p>Kisaki Karate-Do M\u00fcnster e.V. wurde 1994 auf Initiative von Ulrich Heckhuis gegr\u00fcndet. Gr\u00fcndungsmitglieder waren damals Ulrich Heckhuis, Rolf Bunk, Alexander Ehrbar, Ludger Niemann, Kay Frey und Alexandra L\u00f6cken. Als der &#8230; <a title=\"\u00dcber unser Dojo\" class=\"read-more\" href=\"https:\/\/www.kisaki-muenster.de\/?page_id=84\" aria-label=\"Mehr Informationen \u00fcber \u00dcber unser Dojo\">Weiterlesen<\/a><\/p>\n","protected":false},"author":2,"featured_media":0,"parent":0,"menu_order":0,"comment_status":"closed","ping_status":"closed","template":"","meta":{"_themeisle_gutenberg_block_has_review":false,"footnotes":""},"class_list":["post-84","page","type-page","status-publish"],"_links":{"self":[{"href":"https:\/\/www.kisaki-muenster.de\/index.php?rest_route=\/wp\/v2\/pages\/84","targetHints":{"allow":["GET"]}}],"collection":[{"href":"https:\/\/www.kisaki-muenster.de\/index.php?rest_route=\/wp\/v2\/pages"}],"about":[{"href":"https:\/\/www.kisaki-muenster.de\/index.php?rest_route=\/wp\/v2\/types\/page"}],"author":[{"embeddable":true,"href":"https:\/\/www.kisaki-muenster.de\/index.php?rest_route=\/wp\/v2\/users\/2"}],"replies":[{"embeddable":true,"href":"https:\/\/www.kisaki-muenster.de\/index.php?rest_route=%2Fwp%2Fv2%2Fcomments&post=84"}],"version-history":[{"count":4,"href":"https:\/\/www.kisaki-muenster.de\/index.php?rest_route=\/wp\/v2\/pages\/84\/revisions"}],"predecessor-version":[{"id":2850,"href":"https:\/\/www.kisaki-muenster.de\/index.php?rest_route=\/wp\/v2\/pages\/84\/revisions\/2850"}],"wp:attachment":[{"href":"https:\/\/www.kisaki-muenster.de\/index.php?rest_route=%2Fwp%2Fv2%2Fmedia&parent=84"}],"curies":[{"name":"wp","href":"https:\/\/api.w.org\/{rel}","templated":true}]}}