{"id":88,"date":"2019-09-27T20:22:29","date_gmt":"2019-09-27T20:22:29","guid":{"rendered":"https:\/\/wordpress.kisaki-muenster.de\/?page_id=88"},"modified":"2025-05-04T14:11:00","modified_gmt":"2025-05-04T12:11:00","slug":"dojoleitung","status":"publish","type":"page","link":"https:\/\/www.kisaki-muenster.de\/?page_id=88","title":{"rendered":"Vorstand"},"content":{"rendered":"\n<p>Unsere Vorstandsmitglieder<\/p>\n<table style=\"border-collapse: collapse; width: 100%;\">\n<tbody>\n<tr>\n<td style=\"width: 33.3333%;\"><strong>1. Vorsitzender<br \/><\/strong>Ludger Niemann<br \/>Carl-Neuendorff-Weg 41<br \/>48161 M\u00fcnster-Nienberge<\/td>\n<td style=\"width: 33.3333%;\"><img loading=\"lazy\" decoding=\"async\" class=\"aligncenter wp-image-291 size-full\" src=\"https:\/\/www.kisaki-muenster.de\/wp-content\/uploads\/2019\/09\/Trainerportrait_Ludger_quad.jpg\" alt=\"\" width=\"150\" height=\"150\" \/><\/td>\n<td style=\"width: 33.3333%;\">Ich bin daf\u00fcr da zu l\u00e4cheln, wenn alle anderen Vorst\u00e4nde ihre Aufgaben erledigt haben.<\/td>\n<\/tr>\n<tr>\n<td style=\"width: 33.3333%;\"><strong>2. Vorsitzender<br \/><\/strong>Frank Frey<\/td>\n<td style=\"width: 33.3333%; text-align: center;\"><img loading=\"lazy\" decoding=\"async\" class=\"aligncenter wp-image-290 size-full\" src=\"https:\/\/www.kisaki-muenster.de\/wp-content\/uploads\/2019\/09\/Trainerportrait_Frank_quad.jpg\" alt=\"\" width=\"150\" height=\"150\" \/><\/td>\n<td style=\"width: 33.3333%;\">Dank des tollen Teams bleibt nicht viel f\u00fcr mich zu tun.<\/td>\n<\/tr>\n<tr>\n<td style=\"width: 33.3333%;\"><strong>Gesch\u00e4ftsf\u00fchrung<br \/><\/strong>Judith Niemann<br \/>Carl-Neuendorff-Weg 41<br \/>48161 M\u00fcnster-Nienberge<\/td>\n<td style=\"width: 33.3333%; text-align: center;\"><img loading=\"lazy\" decoding=\"async\" class=\"aligncenter wp-image-286 size-thumbnail\" src=\"https:\/\/www.kisaki-muenster.de\/wp-content\/uploads\/2019\/09\/Trainerportrait_Judith_quad-150x150.jpg\" alt=\"\" width=\"150\" height=\"150\" srcset=\"https:\/\/www.kisaki-muenster.de\/wp-content\/uploads\/2019\/09\/Trainerportrait_Judith_quad-150x150.jpg 150w, https:\/\/www.kisaki-muenster.de\/wp-content\/uploads\/2019\/09\/Trainerportrait_Judith_quad.jpg 167w\" sizes=\"auto, (max-width: 150px) 100vw, 150px\" \/><\/td>\n<td style=\"width: 33.3333%;\">Ich bringe die Vorsitzenden zum L\u00e4cheln, indem ich die Mitgliederverwaltung betreue, alle Kommunikation zu den Verb\u00e4nden und \u00f6ffentlichen Stellen halte und daf\u00fcr sorge, dass alle passend ausger\u00fcstet sind.<\/td>\n<\/tr>\n<tr>\n<td style=\"width: 33.3333%;\"><strong>Frauenwartin<br \/><\/strong>Karina Pamos-Osorio<\/td>\n<td style=\"width: 33.3333%;\"><img loading=\"lazy\" decoding=\"async\" class=\"aligncenter wp-image-590 size-full\" src=\"https:\/\/www.kisaki-muenster.de\/wp-content\/uploads\/2019\/10\/Carina_IMG_5583_quadrat.jpg\" alt=\"\" width=\"150\" height=\"150\" \/><\/td>\n<td style=\"width: 33.3333%;\">Ich bin f\u00fcr die Belange der Damen verantwortlich und informiere z.B. \u00fcber Lehrg\u00e4nge, die speziell f\u00fcr Frauen sind. Zudem helfe ich bei der Integration von neuen Mitgiederinnen oder interessierten Frauen.<\/td>\n<\/tr>\n<tr>\n<td style=\"width: 33.3333%;\"><strong>Jugendwartin<\/strong><br \/>Merritt Huynh<\/td>\n<td style=\"width: 33.3333%; text-align: left;\">\u00a0\u00a0\u00a0\u00a0\u00a0\u00a0\u00a0\u00a0\u00a0\u00a0 <a href=\"https:\/\/www.kisaki-muenster.de\/?attachment_id=3612#main\" rel=\"attachment wp-att-3612\"><img loading=\"lazy\" decoding=\"async\" class=\"aligncenter size-thumbnail wp-image-3612\" src=\"https:\/\/www.kisaki-muenster.de\/wp-content\/uploads\/2025\/05\/Merrit-Huynh_quad-150x150.jpg\" alt=\"\" width=\"150\" height=\"150\" srcset=\"https:\/\/www.kisaki-muenster.de\/wp-content\/uploads\/2025\/05\/Merrit-Huynh_quad-150x150.jpg 150w, https:\/\/www.kisaki-muenster.de\/wp-content\/uploads\/2025\/05\/Merrit-Huynh_quad-300x300.jpg 300w, https:\/\/www.kisaki-muenster.de\/wp-content\/uploads\/2025\/05\/Merrit-Huynh_quad-1024x1024.jpg 1024w, https:\/\/www.kisaki-muenster.de\/wp-content\/uploads\/2025\/05\/Merrit-Huynh_quad-768x768.jpg 768w, https:\/\/www.kisaki-muenster.de\/wp-content\/uploads\/2025\/05\/Merrit-Huynh_quad-1536x1536.jpg 1536w, https:\/\/www.kisaki-muenster.de\/wp-content\/uploads\/2025\/05\/Merrit-Huynh_quad.jpg 1908w\" sizes=\"auto, (max-width: 150px) 100vw, 150px\" \/><\/a><\/td>\n<td style=\"width: 33.3333%;\">\u00a0<\/td>\n<\/tr>\n<tr>\n<td style=\"width: 33.3333%;\"><strong>Sportwart<\/strong><br \/>Kay Frey<\/td>\n<td style=\"width: 33.3333%;\"><img loading=\"lazy\" decoding=\"async\" class=\"aligncenter wp-image-285 size-thumbnail\" src=\"https:\/\/www.kisaki-muenster.de\/wp-content\/uploads\/2019\/09\/Trainerportrait_Kay_quad-150x150.jpg\" alt=\"\" width=\"150\" height=\"150\" srcset=\"https:\/\/www.kisaki-muenster.de\/wp-content\/uploads\/2019\/09\/Trainerportrait_Kay_quad-150x150.jpg 150w, https:\/\/www.kisaki-muenster.de\/wp-content\/uploads\/2019\/09\/Trainerportrait_Kay_quad.jpg 167w\" sizes=\"auto, (max-width: 150px) 100vw, 150px\" \/><\/td>\n<td style=\"width: 33.3333%;\">\u00a0<\/td>\n<\/tr>\n<tr>\n<td style=\"width: 33.3333%;\"><strong>Kassenwart<\/strong><br \/>David Berfeld<\/td>\n<td style=\"width: 33.3333%; text-align: center;\"><img loading=\"lazy\" decoding=\"async\" class=\"aligncenter size-full wp-image-592\" src=\"https:\/\/www.kisaki-muenster.de\/wp-content\/uploads\/2019\/10\/David_IMG_5558_quadrat.jpg\" alt=\"\" width=\"150\" height=\"150\" \/><\/td>\n<td style=\"width: 33.3333%;\">Ich verwalte die Finanzen des Vereins. Am Ende des Jahres wird die Bilanz aufgestellt &#8211; f\u00fcr die Mitglieder und f\u00fcr das Finanzamt. Hierbei ist das Ziel, die Gemeinn\u00fctzigkeit des Vereins zu erhalten.<\/td>\n<\/tr>\n<tr>\n<td style=\"width: 33.3333%;\"><strong>Pressewart<\/strong><br \/>Stephan Junker<\/td>\n<td style=\"width: 33.3333%;\"><img loading=\"lazy\" decoding=\"async\" class=\"aligncenter wp-image-587 size-full\" src=\"https:\/\/www.kisaki-muenster.de\/wp-content\/uploads\/2019\/10\/Trainerportrait_Stephan_IMG_5610_150_quadrat.jpg\" alt=\"\" width=\"150\" height=\"150\" \/><\/td>\n<td style=\"width: 33.3333%;\">Ich k\u00fcmmere mich u.a. um Beitr\u00e4ge und die Gestaltung dieser Webseite.<br \/>Zudem erstelle ich Texte und Fotos zu Veranstaltungen und stelle diese der Lokalzeitung zur Verf\u00fcgung.<\/td>\n<\/tr>\n<tr>\n<td style=\"width: 33.3333%;\"><strong>Kassenpr\u00fcfer<\/strong><br \/>Detlef Bertling<br \/>Andreas R\u00f6hr<\/td>\n<td style=\"width: 33.3333%;\">\u00a0<\/td>\n<td style=\"width: 33.3333%;\">\u00a0<\/td>\n<\/tr>\n<tr>\n<td style=\"width: 33.3333%;\">\u00a0<\/td>\n<td style=\"width: 33.3333%;\">\u00a0<\/td>\n<td style=\"width: 33.3333%;\">\u00a0<\/td>\n<\/tr>\n<\/tbody>\n<\/table>\n","protected":false},"excerpt":{"rendered":"<p>Unsere Vorstandsmitglieder 1. VorsitzenderLudger NiemannCarl-Neuendorff-Weg 4148161 M\u00fcnster-Nienberge Ich bin daf\u00fcr da zu l\u00e4cheln, wenn alle anderen Vorst\u00e4nde ihre Aufgaben erledigt haben. 2. VorsitzenderFrank Frey Dank des tollen Teams bleibt nicht &#8230; <a title=\"Vorstand\" class=\"read-more\" href=\"https:\/\/www.kisaki-muenster.de\/?page_id=88\" aria-label=\"Mehr Informationen \u00fcber Vorstand\">Weiterlesen<\/a><\/p>\n","protected":false},"author":2,"featured_media":0,"parent":0,"menu_order":0,"comment_status":"closed","ping_status":"closed","template":"","meta":{"_themeisle_gutenberg_block_has_review":false,"footnotes":""},"class_list":["post-88","page","type-page","status-publish"],"_links":{"self":[{"href":"https:\/\/www.kisaki-muenster.de\/index.php?rest_route=\/wp\/v2\/pages\/88","targetHints":{"allow":["GET"]}}],"collection":[{"href":"https:\/\/www.kisaki-muenster.de\/index.php?rest_route=\/wp\/v2\/pages"}],"about":[{"href":"https:\/\/www.kisaki-muenster.de\/index.php?rest_route=\/wp\/v2\/types\/page"}],"author":[{"embeddable":true,"href":"https:\/\/www.kisaki-muenster.de\/index.php?rest_route=\/wp\/v2\/users\/2"}],"replies":[{"embeddable":true,"href":"https:\/\/www.kisaki-muenster.de\/index.php?rest_route=%2Fwp%2Fv2%2Fcomments&post=88"}],"version-history":[{"count":27,"href":"https:\/\/www.kisaki-muenster.de\/index.php?rest_route=\/wp\/v2\/pages\/88\/revisions"}],"predecessor-version":[{"id":3615,"href":"https:\/\/www.kisaki-muenster.de\/index.php?rest_route=\/wp\/v2\/pages\/88\/revisions\/3615"}],"wp:attachment":[{"href":"https:\/\/www.kisaki-muenster.de\/index.php?rest_route=%2Fwp%2Fv2%2Fmedia&parent=88"}],"curies":[{"name":"wp","href":"https:\/\/api.w.org\/{rel}","templated":true}]}}